



{"id":13891,"date":"2019-09-20T13:04:05","date_gmt":"2019-09-20T11:04:05","guid":{"rendered":"https:\/\/mehr-walter.de\/cms\/?page_id=13891"},"modified":"2024-03-25T16:56:47","modified_gmt":"2024-03-25T15:56:47","slug":"haarverlaengerung","status":"publish","type":"page","link":"https:\/\/mehr-walter.de\/cms\/friseur\/haarverlaengerung\/","title":{"rendered":"Haarverl\u00e4ngerung"},"content":{"rendered":"<div id=\"cmsmasters_row_rxpssl4u\" class=\"cmsmasters_row cmsmasters_color_scheme_default cmsmasters_row_top_default cmsmasters_row_bot_default cmsmasters_row_boxed\">\n<div class=\"cmsmasters_row_outer_parent\">\n<div class=\"cmsmasters_row_outer\">\n<div class=\"cmsmasters_row_inner\">\n<div class=\"cmsmasters_row_margin\">\n<div id=\"cmsmasters_column_wszficdxs4\" class=\"cmsmasters_column one_first\">\n<div class=\"cmsmasters_column_inner\">\n<div class=\"cmsmasters_slider\">[layerslider id=\"5\"]<\/div>\n<\/div><\/div>\n<\/div>\n<\/div>\n<\/div>\n<\/div>\n<\/div>\n<div id=\"cmsmasters_row_c58slvugw\" class=\"cmsmasters_row cmsmasters_color_scheme_default cmsmasters_row_top_default cmsmasters_row_bot_default cmsmasters_row_boxed\">\n<div class=\"cmsmasters_row_outer_parent\">\n<div class=\"cmsmasters_row_outer\">\n<div class=\"cmsmasters_row_inner\">\n<div class=\"cmsmasters_row_margin\">\n<div id=\"cmsmasters_column_rzwxkszb1r\" class=\"cmsmasters_column one_first\">\n<div class=\"cmsmasters_column_inner\"><div id=\"cmsmasters_heading_kiol0nzdf\" class=\"cmsmasters_heading_wrap cmsmasters_heading_align_center\">\n\t<h1 class=\"cmsmasters_heading\"> Haarverdichtung und Haarverl\u00e4ngerung von Great Lengths<\/h1>\n<\/div>\n<\/div><\/div>\n<\/div>\n<\/div>\n<\/div>\n<\/div>\n<\/div>\n<div id=\"cmsmasters_row_vco93vas5s\" class=\"cmsmasters_row cmsmasters_color_scheme_default cmsmasters_row_top_default cmsmasters_row_bot_default cmsmasters_row_boxed\">\n<div class=\"cmsmasters_row_outer_parent\">\n<div class=\"cmsmasters_row_outer\">\n<div class=\"cmsmasters_row_inner\">\n<div class=\"cmsmasters_row_margin\">\n<div id=\"cmsmasters_column_o0nicano3w\" class=\"cmsmasters_column one_first\">\n<div class=\"cmsmasters_column_inner\"><div class=\"cmsmasters_text\">\n<h4 style=\"text-align: center;\"><strong>Alles ist m\u00f6glich.<\/strong><br \/>\nTr\u00e4ume nicht l\u00e4nger von wundersch\u00f6nen, dichten oder langen Haaren&#8230;<\/h4>\n<h4 style=\"text-align: center;\">Mit <strong>Great Lengths<\/strong> haben wir die M\u00f6glichkeit, Dein Haar in Traumhaar zu verwandeln.<br \/>\nNoch nie gab es eine derart fantastische F\u00fclle von Farben, Strukturen, L\u00e4ngen und Stylings.<br \/>\nNoch nie konnte derart frei nach Lust und Laune gew\u00e4hlt werden. Qualit\u00e4t und Haarschonung stehen bei uns an erster Stelle.<br \/>\nDurch das schonende Verfahren mit Ultraschall werden die hochwertigen Great Lengths \u2013 Haare mit dem Eigenhaar verbunden.<br \/>\nDie Verbindungsstellen sind daher sehr klein und flach.<\/h4>\n<h4 style=\"text-align: center;\"><strong>Die Stylingvariationen sind fantastisch gro\u00df.<\/strong><br \/>\nWir informieren Dich gerne ausf\u00fchrlich bei einem kostenlosen Beratungstermin.<\/h4>\n<\/div>\n<\/div><\/div>\n<\/div>\n<\/div>\n<\/div>\n<\/div>\n<\/div>\n\n","protected":false},"excerpt":{"rendered":"","protected":false},"author":1,"featured_media":0,"parent":16,"menu_order":0,"comment_status":"closed","ping_status":"closed","template":"","meta":{"footnotes":""},"class_list":["post-13891","page","type-page","status-publish","hentry"],"aioseo_notices":[],"_links":{"self":[{"href":"https:\/\/mehr-walter.de\/cms\/wp-json\/wp\/v2\/pages\/13891","targetHints":{"allow":["GET"]}}],"collection":[{"href":"https:\/\/mehr-walter.de\/cms\/wp-json\/wp\/v2\/pages"}],"about":[{"href":"https:\/\/mehr-walter.de\/cms\/wp-json\/wp\/v2\/types\/page"}],"author":[{"embeddable":true,"href":"https:\/\/mehr-walter.de\/cms\/wp-json\/wp\/v2\/users\/1"}],"replies":[{"embeddable":true,"href":"https:\/\/mehr-walter.de\/cms\/wp-json\/wp\/v2\/comments?post=13891"}],"version-history":[{"count":7,"href":"https:\/\/mehr-walter.de\/cms\/wp-json\/wp\/v2\/pages\/13891\/revisions"}],"predecessor-version":[{"id":15730,"href":"https:\/\/mehr-walter.de\/cms\/wp-json\/wp\/v2\/pages\/13891\/revisions\/15730"}],"up":[{"embeddable":true,"href":"https:\/\/mehr-walter.de\/cms\/wp-json\/wp\/v2\/pages\/16"}],"wp:attachment":[{"href":"https:\/\/mehr-walter.de\/cms\/wp-json\/wp\/v2\/media?parent=13891"}],"curies":[{"name":"wp","href":"https:\/\/api.w.org\/{rel}","templated":true}]}}