



{"id":14648,"date":"2021-03-24T11:49:59","date_gmt":"2021-03-24T10:49:59","guid":{"rendered":"https:\/\/mehr-walter.de\/cms\/?page_id=14648"},"modified":"2025-08-06T11:47:05","modified_gmt":"2025-08-06T09:47:05","slug":"solarium-abstatt","status":"publish","type":"page","link":"https:\/\/mehr-walter.de\/cms\/solarium-abstatt\/","title":{"rendered":"Solarium"},"content":{"rendered":"<div id=\"cmsmasters_row_s61gqxz9mg\" class=\"cmsmasters_row cmsmasters_color_scheme_default cmsmasters_row_top_default cmsmasters_row_bot_default cmsmasters_row_fullwidth\">\n<div class=\"cmsmasters_row_outer_parent\">\n<div class=\"cmsmasters_row_outer\">\n<div class=\"cmsmasters_row_inner cmsmasters_row_fullwidth cmsmasters_row_no_margin\">\n<div class=\"cmsmasters_row_margin\">\n<div id=\"cmsmasters_column_d8c1qtt3jt\" class=\"cmsmasters_column one_first\">\n<div class=\"cmsmasters_column_inner\"><div class=\"custom_html\">\n<p><!-- Elfsight Slider | mehr-walter.de Solarium --><br \/>\n<script src=\"https:\/\/static.elfsight.com\/platform\/platform.js\" async><\/script><\/p>\n<div class=\"elfsight-app-e1870a3f-4263-4191-a67f-87cc110ecdea\" data-elfsight-app-lazy><\/div>\n<\/div>\n<\/div><\/div>\n<\/div>\n<\/div>\n<\/div>\n<\/div>\n<\/div>\n<div id=\"cmsmasters_row_f35fy90m4w\" class=\"cmsmasters_row cmsmasters_color_scheme_default cmsmasters_row_top_default cmsmasters_row_bot_default cmsmasters_row_boxed\">\n<div class=\"cmsmasters_row_outer_parent\">\n<div class=\"cmsmasters_row_outer\">\n<div class=\"cmsmasters_row_inner\">\n<div class=\"cmsmasters_row_margin\">\n<div id=\"cmsmasters_column_n45yqnoqxr\" class=\"cmsmasters_column one_first\">\n<div class=\"cmsmasters_column_inner\"><div class=\"cmsmasters_text\">\n<div id=\"textcontent\">\n<h1>Entspannung und Sonne tanken&#8230;<\/h1>\n<\/div>\n<p>Im ersten Stock unseres Hauses findest Du zwei moderne Solarien der Marke <strong>Ergoline<\/strong>, welche Du in Selbstbedienung nutzen kannst.<\/p>\n<p>Bitte melde Dich kurz an unserer Rezeption an.<br \/>\nDas Verleihen von Schutzbrillen ist nicht mehr gestattet, Du darfst gerne eine bei uns k\u00e4uflich erwerben.<\/p>\n<\/div>\n<ul id=\"cmsmasters_icon_list_items_n5ml57inel\" class=\"cmsmasters_icon_list_items cmsmasters_icon_list_type_block cmsmasters_icon_list_pos_left cmsmasters_color_type_icon\"><li id=\"cmsmasters_icon_list_item_xc9t0hyb4r\" class=\"cmsmasters_icon_list_item\">\n<div class=\"cmsmasters_icon_list_item_inner\">\n<div class=\"cmsmasters_icon_list_icon_wrap\">\n<span class=\"cmsmasters_icon_list_icon cmsmasters-icon-sun\"><\/span>\n<\/div>\n<div class=\"cmsmasters_icon_list_item_content\">\n<h3 class=\"cmsmasters_icon_list_item_title\">Chipkarten System<\/h3>\n<div class=\"cmsmasters_icon_list_item_text\">\n<p><strong>Mit unserem Chipkarten* System br\u00e4unst Du mit Vorteil \u2026<br \/>\n<\/strong>25,- \u20ac bezahlen: 27,50 \u20ac Wert<br \/>\n50,- \u20ac bezahlen: 60,00 \u20ac Wert<br \/>\n100,- \u20ac bezahlen: 120,00 \u20ac Wert<\/p>\n<\/div>\n<\/div>\n<\/div>\n<\/li><\/ul>\n<div id=\"cmsmasters_divider_8zalbyucoc\" class=\"cl\"><\/div>\n<div class=\"cmsmasters_text\">\n<div id=\"textcontent\">*Chipkartengeb\u00fchr: einmalig 5,- <span class=\"s1\">\u20ac\u00a0<\/span><em>(immer wieder aufladbar)<\/em><\/div>\n<\/div>\n\n<div id=\"cmsmasters_divider_x7otokc4ic\" class=\"cmsmasters_divider cmsmasters_divider_width_long cmsmasters_divider_pos_center\"><\/div>\n<\/div><\/div>\n<\/div>\n<\/div>\n<\/div>\n<\/div>\n<\/div>\n<div id=\"cmsmasters_row_4p12rwj7if\" class=\"cmsmasters_row cmsmasters_color_scheme_default cmsmasters_row_top_default cmsmasters_row_bot_default cmsmasters_row_boxed\">\n<div class=\"cmsmasters_row_outer_parent\">\n<div class=\"cmsmasters_row_outer\">\n<div class=\"cmsmasters_row_inner\">\n<div class=\"cmsmasters_row_margin\">\n<div id=\"cmsmasters_column_71tw7ziqbk\" class=\"cmsmasters_column one_first\">\n<div class=\"cmsmasters_column_inner\"><div class=\"cmsmasters_text\">\n<div id=\"textcontent\">\n<h1 class=\"entry-title\">Fakten &amp; Tipps<\/h1>\n<\/div>\n<p><strong>Sonne stimuliert Seele und Geist. <\/strong>Sie schenkt uns Kraft, Lebensfreude, Wohlbefinden, Br\u00e4une und Gesundheit. Scheint die Sonne, dann kann uns so schnell nichts unterkriegen.<\/p>\n<p>Wenn Sie mal nicht scheint, dann ist das Solarium die beste Alternative um Energie aufzutanken!<\/p>\n<p>Wir m\u00f6chten Dich jedoch bitten, einige Regeln f\u00fcr richtiges und gesundes Br\u00e4unen zu beachten!<\/p>\n<ul style=\"list-style-position: outside;\">\n<li><strong>Nicht \u00fcbertreiben<\/strong>, sondern mit Vernunft br\u00e4unen.<\/li>\n<li>An die f\u00fcr den jeweiligen Hauttyp empfohlene Br\u00e4unungszeit halten \u2013 wende Dich an uns, wir beraten Dich gerne.<\/li>\n<li>Beim Br\u00e4unen die Augen geschlossen halten und stets eine Solarbrille tragen, welche wir Dir gerne leihen.<\/li>\n<li>Vor dem Br\u00e4unen alle Kosmetika entfernen und Schmuckst\u00fccke ablegen<\/li>\n<li>Vor und nach dem Br\u00e4unen, die Haut mit <strong>spezieller Solar-Kosmetik<\/strong> pflegen. Diese verhindert das Austrocknen der Haut und beschleunigt den Br\u00e4unungsprozess.<\/li>\n<li>Das Sonnen im Solarium ist erst <strong>ab 18 Jahren<\/strong> gestattet!<\/li>\n<\/ul>\n<p>&nbsp;<\/p>\n<p>&nbsp;<\/p>\n<\/div>\n<\/div><\/div>\n<\/div>\n<\/div>\n<\/div>\n<\/div>\n<\/div>\n\n","protected":false},"excerpt":{"rendered":"","protected":false},"author":1,"featured_media":0,"parent":0,"menu_order":0,"comment_status":"closed","ping_status":"closed","template":"","meta":{"footnotes":""},"class_list":["post-14648","page","type-page","status-publish","hentry"],"aioseo_notices":[],"_links":{"self":[{"href":"https:\/\/mehr-walter.de\/cms\/wp-json\/wp\/v2\/pages\/14648","targetHints":{"allow":["GET"]}}],"collection":[{"href":"https:\/\/mehr-walter.de\/cms\/wp-json\/wp\/v2\/pages"}],"about":[{"href":"https:\/\/mehr-walter.de\/cms\/wp-json\/wp\/v2\/types\/page"}],"author":[{"embeddable":true,"href":"https:\/\/mehr-walter.de\/cms\/wp-json\/wp\/v2\/users\/1"}],"replies":[{"embeddable":true,"href":"https:\/\/mehr-walter.de\/cms\/wp-json\/wp\/v2\/comments?post=14648"}],"version-history":[{"count":13,"href":"https:\/\/mehr-walter.de\/cms\/wp-json\/wp\/v2\/pages\/14648\/revisions"}],"predecessor-version":[{"id":16067,"href":"https:\/\/mehr-walter.de\/cms\/wp-json\/wp\/v2\/pages\/14648\/revisions\/16067"}],"wp:attachment":[{"href":"https:\/\/mehr-walter.de\/cms\/wp-json\/wp\/v2\/media?parent=14648"}],"curies":[{"name":"wp","href":"https:\/\/api.w.org\/{rel}","templated":true}]}}