



{"id":15938,"date":"2025-04-07T08:24:12","date_gmt":"2025-04-07T06:24:12","guid":{"rendered":"https:\/\/mehr-walter.de\/cms\/?page_id=15938"},"modified":"2025-06-04T21:19:45","modified_gmt":"2025-06-04T19:19:45","slug":"einfach-mehr-hygiene-service","status":"publish","type":"page","link":"https:\/\/mehr-walter.de\/cms\/einfach-mehr-hygiene-service\/","title":{"rendered":"Serviceleistungen f\u00fcr unsere G\u00e4ste"},"content":{"rendered":"<div id=\"cmsmasters_row_yq4gqirq52\" class=\"cmsmasters_row cmsmasters_color_scheme_default cmsmasters_row_top_default cmsmasters_row_bot_default cmsmasters_row_boxed\">\n<div class=\"cmsmasters_row_outer_parent\">\n<div class=\"cmsmasters_row_outer\">\n<div class=\"cmsmasters_row_inner\">\n<div class=\"cmsmasters_row_margin\">\n<div id=\"cmsmasters_column_j07lxb9k2g\" class=\"cmsmasters_column one_first\">\n<div class=\"cmsmasters_column_inner\"><div class=\"cmsmasters_text\">\n<h2 style=\"text-align: center;\">Ausgebildete &amp; Qualifizierte Friseure\/ Friseurmeister<br \/>\nFarb- &amp; Stilberater \/ Kosmetikerinnen \/ Make up Artistin<\/h2>\n<\/div>\n<\/div><\/div>\n<\/div>\n<\/div>\n<\/div>\n<\/div>\n<\/div>\n<div id=\"cmsmasters_row_cvskiq67lv\" class=\"cmsmasters_row cmsmasters_color_scheme_default cmsmasters_row_top_default cmsmasters_row_bot_default cmsmasters_row_boxed\">\n<div class=\"cmsmasters_row_outer_parent\">\n<div class=\"cmsmasters_row_outer\">\n<div class=\"cmsmasters_row_inner\">\n<div class=\"cmsmasters_row_margin\">\n<div id=\"cmsmasters_column_u3r6minu9n\" class=\"cmsmasters_column one_third\">\n<div class=\"cmsmasters_column_inner\"><div class=\"aligncenter\"><div class=\"cmsmasters_img  cmsmasters_image_c\"><a href=\"https:\/\/mehr-walter.de\/cms\/wp-content\/uploads\/2025\/04\/14b672db-89bd-4f90-ae29-3e4eecf27b05.jpg\"><img decoding=\"async\" src=\"https:\/\/mehr-walter.de\/cms\/wp-content\/uploads\/2025\/04\/14b672db-89bd-4f90-ae29-3e4eecf27b05.jpg\" \/><\/a><\/div><\/div><div class=\"cmsmasters_text\">\n<h4 style=\"text-align: center;\">R\u00fcckenmassagestuhl und Verw\u00f6hn-Haarw\u00e4sche<\/h4>\n<\/div>\n<\/div><\/div>\n<div id=\"cmsmasters_column_juyg79mrx\" class=\"cmsmasters_column one_third\">\n<div class=\"cmsmasters_column_inner\"><div class=\"aligncenter\"><div class=\"cmsmasters_img  cmsmasters_image_c\"><a href=\"https:\/\/mehr-walter.de\/cms\/wp-content\/uploads\/2025\/05\/Umhang.jpg\"><img decoding=\"async\" src=\"https:\/\/mehr-walter.de\/cms\/wp-content\/uploads\/2025\/05\/Umhang.jpg\" \/><\/a><\/div><\/div><div class=\"cmsmasters_text\">\n<h4 style=\"text-align: center;\">Frischer Umhang und Gesichtskompresse bei jedem Gast &#8211; nat\u00fcrlich auch bei unseren Kleinsten<\/h4>\n<\/div>\n<\/div><\/div>\n<div id=\"cmsmasters_column_ldl6plp9l\" class=\"cmsmasters_column one_third\">\n<div class=\"cmsmasters_column_inner\"><div class=\"aligncenter\"><div class=\"cmsmasters_img  cmsmasters_image_c\"><a href=\"https:\/\/mehr-walter.de\/cms\/wp-content\/uploads\/2025\/05\/d3af4b3b-a554-4005-a512-3111a66c43b8.jpg\"><img decoding=\"async\" src=\"https:\/\/mehr-walter.de\/cms\/wp-content\/uploads\/2025\/05\/d3af4b3b-a554-4005-a512-3111a66c43b8.jpg\" \/><\/a><\/div><\/div><div class=\"cmsmasters_text\">\n<h4 style=\"text-align: center;\">Hochwertige Pflegeprodukte von La Biosth\u00e9tique<\/h4>\n<\/div>\n<\/div><\/div>\n<\/div>\n<\/div>\n<\/div>\n<\/div>\n<\/div>\n<div id=\"cmsmasters_row_nh8tgmftth\" class=\"cmsmasters_row cmsmasters_color_scheme_default cmsmasters_row_top_default cmsmasters_row_bot_default cmsmasters_row_boxed\">\n<div class=\"cmsmasters_row_outer_parent\">\n<div class=\"cmsmasters_row_outer\">\n<div class=\"cmsmasters_row_inner\">\n<div class=\"cmsmasters_row_margin\">\n<div id=\"cmsmasters_column_q802e6dqdv\" class=\"cmsmasters_column one_third\">\n<div class=\"cmsmasters_column_inner\"><div class=\"aligncenter\"><div class=\"cmsmasters_img  cmsmasters_image_c\"><a href=\"https:\/\/mehr-walter.de\/cms\/wp-content\/uploads\/2025\/04\/633e3d4c-5ae5-49e9-9bac-9966000f6724.jpg\"><img decoding=\"async\" src=\"https:\/\/mehr-walter.de\/cms\/wp-content\/uploads\/2025\/04\/633e3d4c-5ae5-49e9-9bac-9966000f6724.jpg\" \/><\/a><\/div><\/div><div class=\"cmsmasters_text\">\n<h4 style=\"text-align: center;\">Online-Terminvereinbarung rund um die Uhr<\/h4>\n<h4 style=\"text-align: center;\">Termin Best\u00e4tigung und Erinnerung per Mail<\/h4>\n<h4 style=\"text-align: center;\">Besetze Rezeption f\u00fcr Fragen und W\u00fcnsche<\/h4>\n<\/div>\n<\/div><\/div>\n<div id=\"cmsmasters_column_rdylw0rbbn\" class=\"cmsmasters_column one_third\">\n<div class=\"cmsmasters_column_inner\"><div class=\"aligncenter\"><div class=\"cmsmasters_img  cmsmasters_image_c\"><a href=\"https:\/\/mehr-walter.de\/cms\/wp-content\/uploads\/2025\/04\/a829a216-0b85-4d40-9468-e584b91d26a8.jpg\"><img decoding=\"async\" src=\"https:\/\/mehr-walter.de\/cms\/wp-content\/uploads\/2025\/04\/a829a216-0b85-4d40-9468-e584b91d26a8.jpg\" \/><\/a><\/div><\/div><div class=\"cmsmasters_text\">\n<h4 style=\"text-align: center;\">Passende Kopfhaut und Leave in Pflege von La Biosthetique<\/h4>\n<\/div>\n<div class=\"aligncenter\"><div class=\"cmsmasters_img  cmsmasters_image_c\"><a href=\"https:\/\/mehr-walter.de\/cms\/wp-content\/uploads\/2025\/05\/Produkte.jpg\"><img decoding=\"async\" src=\"https:\/\/mehr-walter.de\/cms\/wp-content\/uploads\/2025\/05\/Produkte.jpg\" \/><\/a><\/div><\/div><div class=\"cmsmasters_text\">\n<h4 style=\"text-align: center;\">Qualit\u00e4tsprodukte fast ausschlie\u00dflich in Deutschland zertifiziert &amp; hergestellt<\/h4>\n<\/div>\n<\/div><\/div>\n<div id=\"cmsmasters_column_r89580wu1i\" class=\"cmsmasters_column one_third\">\n<div class=\"cmsmasters_column_inner\"><div class=\"aligncenter\"><div class=\"cmsmasters_img  cmsmasters_image_c\"><a href=\"https:\/\/mehr-walter.de\/cms\/wp-content\/uploads\/2025\/05\/f66207d0-8a97-483e-b410-42e74d3e424f.jpg\"><img decoding=\"async\" src=\"https:\/\/mehr-walter.de\/cms\/wp-content\/uploads\/2025\/05\/f66207d0-8a97-483e-b410-42e74d3e424f.jpg\" \/><\/a><\/div><\/div><div class=\"cmsmasters_text\">\n<h4 style=\"text-align: center;\">Hochwertigstes Handwerkszeug<\/h4>\n<\/div>\n<\/div><\/div>\n<\/div>\n<\/div>\n<\/div>\n<\/div>\n<\/div>\n<div id=\"cmsmasters_row_sgkfryoih\" class=\"cmsmasters_row cmsmasters_color_scheme_default cmsmasters_row_top_default cmsmasters_row_bot_default cmsmasters_row_boxed\">\n<div class=\"cmsmasters_row_outer_parent\">\n<div class=\"cmsmasters_row_outer\">\n<div class=\"cmsmasters_row_inner\">\n<div class=\"cmsmasters_row_margin\">\n<div id=\"cmsmasters_column_6xzlmwial\" class=\"cmsmasters_column one_third\">\n<div class=\"cmsmasters_column_inner\"><div class=\"aligncenter\"><div class=\"cmsmasters_img  cmsmasters_image_c\"><a href=\"https:\/\/mehr-walter.de\/cms\/wp-content\/uploads\/2025\/04\/1e15477b-94f0-4436-a931-441030c5d288.jpg\"><img decoding=\"async\" src=\"https:\/\/mehr-walter.de\/cms\/wp-content\/uploads\/2025\/04\/1e15477b-94f0-4436-a931-441030c5d288.jpg\" \/><\/a><\/div><\/div><div class=\"cmsmasters_text\">\n<h1 style=\"text-align: center;\">Speziell f\u00fcr unsere Herren\u2026<\/h1>\n<\/div>\n<div class=\"cmsmasters_text\">\n<h4 style=\"text-align: center;\">Desinfizierte Maschinen mit Gesichtskompresse<\/h4>\n<h4 style=\"text-align: center;\">Frische Rasierklinge bei jedem Gast f\u00fcr die Nackenrasur<\/h4>\n<h4 style=\"text-align: center;\">Augenbrauenschnitt &amp; Ohrhaarentfernung<\/h4>\n<\/div>\n<\/div><\/div>\n<div id=\"cmsmasters_column_hyth069bwq\" class=\"cmsmasters_column one_third\">\n<div class=\"cmsmasters_column_inner\"><div class=\"aligncenter\"><div class=\"cmsmasters_img  cmsmasters_image_c\"><a href=\"https:\/\/mehr-walter.de\/cms\/wp-content\/uploads\/2025\/05\/Kids.jpg\"><img decoding=\"async\" src=\"https:\/\/mehr-walter.de\/cms\/wp-content\/uploads\/2025\/05\/Kids.jpg\" \/><\/a><\/div><\/div><div class=\"cmsmasters_text\">\n<h1 style=\"text-align: center;\">Speziell f\u00fcr unsere Kids\u2026<\/h1>\n<\/div>\n<div class=\"cmsmasters_text\">\n<h4 style=\"text-align: center;\">Kuschelige, separate Spielecke<\/h4>\n<h4 style=\"text-align: center;\">Viele Spielsachen f\u00fcr jedes Alter<\/h4>\n<h4 style=\"text-align: center;\">Gen\u00fcgend Zeit, damit auch die Bed\u00fcrfnisse der Kleinen ber\u00fccksichtigt werden und der Friseurbesuch zum sch\u00f6nen Erlebnis wird<\/h4>\n<\/div>\n<\/div><\/div>\n<div id=\"cmsmasters_column_mlbz8hfko\" class=\"cmsmasters_column one_third\">\n<div class=\"cmsmasters_column_inner\"><div class=\"aligncenter\"><div class=\"cmsmasters_img  cmsmasters_image_c\"><a href=\"https:\/\/mehr-walter.de\/cms\/wp-content\/uploads\/2025\/06\/parkplatz-1.jpg\"><img decoding=\"async\" src=\"https:\/\/mehr-walter.de\/cms\/wp-content\/uploads\/2025\/06\/parkplatz-1.jpg\" \/><\/a><\/div><\/div><div class=\"cmsmasters_text\">\n<h4 style=\"text-align: center;\">Kostenlose Parkpl\u00e4tze direkt vorm Haus<\/h4>\n<\/div>\n<\/div><\/div>\n<\/div>\n<\/div>\n<\/div>\n<\/div>\n<\/div>\n<div id=\"cmsmasters_row_f5vlkcf13e\" class=\"cmsmasters_row cmsmasters_color_scheme_default cmsmasters_row_top_default cmsmasters_row_bot_default cmsmasters_row_boxed\">\n<div class=\"cmsmasters_row_outer_parent\">\n<div class=\"cmsmasters_row_outer\">\n<div class=\"cmsmasters_row_inner\">\n<div class=\"cmsmasters_row_margin\">\n<div id=\"cmsmasters_column_n2oq7aoum7\" class=\"cmsmasters_column one_half\">\n<div class=\"cmsmasters_column_inner\"><div class=\"aligncenter\"><div class=\"cmsmasters_img  cmsmasters_image_c\"><a href=\"https:\/\/mehr-walter.de\/cms\/wp-content\/uploads\/2025\/05\/Schnitthaare.png\"><img decoding=\"async\" src=\"https:\/\/mehr-walter.de\/cms\/wp-content\/uploads\/2025\/05\/Schnitthaare.png\" \/><\/a><\/div><\/div><div class=\"cmsmasters_text\">\n<h4 style=\"text-align: center;\">Nachhaltiges Management \u2013 u.a. Spenden der Schnitthaare f\u00fcr ein \u00f6kologisches Gleichgewicht<\/h4>\n<\/div>\n<\/div><\/div>\n<div id=\"cmsmasters_column_1scydcutvk\" class=\"cmsmasters_column one_half\">\n<div class=\"cmsmasters_column_inner\"><div class=\"aligncenter\"><div class=\"cmsmasters_img  cmsmasters_image_c\"><a href=\"https:\/\/mehr-walter.de\/cms\/wp-content\/uploads\/2025\/04\/Kaffe-und-Tee-1.png\"><img decoding=\"async\" src=\"https:\/\/mehr-walter.de\/cms\/wp-content\/uploads\/2025\/04\/Kaffe-und-Tee-1.png\" \/><\/a><\/div><\/div><div class=\"cmsmasters_text\">\n<h4 style=\"text-align: center;\">Kaffee &amp; Tee Spezialit\u00e4ten mit \u201eDolci\u201c<\/h4>\n<h4 style=\"text-align: center;\">nat\u00fcrlich haben wir auch eine Auswahl an k\u00fchlen Getr\u00e4nken!<\/h4>\n<\/div>\n<\/div><\/div>\n<\/div>\n<\/div>\n<\/div>\n<\/div>\n<\/div>\n<div id=\"cmsmasters_row_i3dzdzrgio\" class=\"cmsmasters_row cmsmasters_color_scheme_default cmsmasters_row_top_default cmsmasters_row_bot_default cmsmasters_row_boxed\">\n<div class=\"cmsmasters_row_outer_parent\">\n<div class=\"cmsmasters_row_outer\">\n<div class=\"cmsmasters_row_inner\">\n<div class=\"cmsmasters_row_margin\">\n<div id=\"cmsmasters_column_i902u2v0u\" class=\"cmsmasters_column one_third\">\n<div class=\"cmsmasters_column_inner\"><div class=\"aligncenter\"><div class=\"cmsmasters_img  cmsmasters_image_c\"><a href=\"https:\/\/mehr-walter.de\/cms\/wp-content\/uploads\/2025\/04\/aa7b709f-7dac-487e-a9f4-a246ff080202.jpg\"><img decoding=\"async\" src=\"https:\/\/mehr-walter.de\/cms\/wp-content\/uploads\/2025\/04\/aa7b709f-7dac-487e-a9f4-a246ff080202.jpg\" \/><\/a><\/div><\/div><div class=\"cmsmasters_text\">\n<h4 style=\"text-align: center;\">Bezahlm\u00f6glichkeiten:<br \/>\nBar \/ Karten<\/h4>\n<\/div>\n<\/div><\/div>\n<div id=\"cmsmasters_column_utbsp9ihve\" class=\"cmsmasters_column one_third\">\n<div class=\"cmsmasters_column_inner\"><div class=\"aligncenter\"><div class=\"cmsmasters_img  cmsmasters_image_c\"><a href=\"https:\/\/mehr-walter.de\/cms\/wp-content\/uploads\/2025\/04\/0f08b9fe-34ef-4b67-a4b0-4fab6082816c.jpg\"><img decoding=\"async\" src=\"https:\/\/mehr-walter.de\/cms\/wp-content\/uploads\/2025\/04\/0f08b9fe-34ef-4b67-a4b0-4fab6082816c.jpg\" \/><\/a><\/div><\/div><div class=\"cmsmasters_text\">\n<h4 style=\"text-align: center;\">Digitale Frisurenmappe<\/h4>\n<h4 style=\"text-align: center;\">freies W-LAN<\/h4>\n<\/div>\n<\/div><\/div>\n<div id=\"cmsmasters_column_hdl10572dn\" class=\"cmsmasters_column one_third\">\n<div class=\"cmsmasters_column_inner\"><div class=\"aligncenter\"><div class=\"cmsmasters_img  cmsmasters_image_c\"><a href=\"https:\/\/mehr-walter.de\/cms\/wp-content\/uploads\/2025\/04\/7a75a3cf-a3df-4a5d-a8be-9ec61d62d28a.jpg\"><img decoding=\"async\" src=\"https:\/\/mehr-walter.de\/cms\/wp-content\/uploads\/2025\/04\/7a75a3cf-a3df-4a5d-a8be-9ec61d62d28a.jpg\" \/><\/a><\/div><\/div><div class=\"cmsmasters_text\">\n<h4 style=\"text-align: center;\">Zeitungen f\u00fcr jeden Geschmack<\/h4>\n<\/div>\n<\/div><\/div>\n<\/div>\n<\/div>\n<\/div>\n<\/div>\n<\/div>\n\n","protected":false},"excerpt":{"rendered":"","protected":false},"author":1,"featured_media":0,"parent":0,"menu_order":0,"comment_status":"closed","ping_status":"closed","template":"","meta":{"footnotes":""},"class_list":["post-15938","page","type-page","status-publish","hentry"],"aioseo_notices":[],"_links":{"self":[{"href":"https:\/\/mehr-walter.de\/cms\/wp-json\/wp\/v2\/pages\/15938","targetHints":{"allow":["GET"]}}],"collection":[{"href":"https:\/\/mehr-walter.de\/cms\/wp-json\/wp\/v2\/pages"}],"about":[{"href":"https:\/\/mehr-walter.de\/cms\/wp-json\/wp\/v2\/types\/page"}],"author":[{"embeddable":true,"href":"https:\/\/mehr-walter.de\/cms\/wp-json\/wp\/v2\/users\/1"}],"replies":[{"embeddable":true,"href":"https:\/\/mehr-walter.de\/cms\/wp-json\/wp\/v2\/comments?post=15938"}],"version-history":[{"count":47,"href":"https:\/\/mehr-walter.de\/cms\/wp-json\/wp\/v2\/pages\/15938\/revisions"}],"predecessor-version":[{"id":16018,"href":"https:\/\/mehr-walter.de\/cms\/wp-json\/wp\/v2\/pages\/15938\/revisions\/16018"}],"wp:attachment":[{"href":"https:\/\/mehr-walter.de\/cms\/wp-json\/wp\/v2\/media?parent=15938"}],"curies":[{"name":"wp","href":"https:\/\/api.w.org\/{rel}","templated":true}]}}