



{"id":16092,"date":"2025-09-30T11:46:58","date_gmt":"2025-09-30T09:46:58","guid":{"rendered":"https:\/\/mehr-walter.de\/cms\/?page_id=16092"},"modified":"2025-09-30T12:01:24","modified_gmt":"2025-09-30T10:01:24","slug":"agb","status":"publish","type":"page","link":"https:\/\/mehr-walter.de\/cms\/agb\/","title":{"rendered":"AGB"},"content":{"rendered":"<div id=\"cmsmasters_row_\" class=\"cmsmasters_row cmsmasters_color_scheme_default cmsmasters_row_top_default cmsmasters_row_bot_default cmsmasters_row_boxed\">\n<div class=\"cmsmasters_row_outer_parent\">\n<div class=\"cmsmasters_row_outer\">\n<div class=\"cmsmasters_row_inner\">\n<div class=\"cmsmasters_row_margin\">\n<div id=\"cmsmasters_column_\" class=\"cmsmasters_column one_first\">\n<div class=\"cmsmasters_column_inner\"><div class=\"cmsmasters_text\">\n<p><\/p>\n<\/div>\n<\/div><\/div>\n<\/div>\n<\/div>\n<\/div>\n<\/div>\n<\/div>\n<div id=\"cmsmasters_row_41q6tuf1ic\" class=\"cmsmasters_row cmsmasters_color_scheme_default cmsmasters_row_top_default cmsmasters_row_bot_default cmsmasters_row_boxed\">\n<div class=\"cmsmasters_row_outer_parent\">\n<div class=\"cmsmasters_row_outer\">\n<div class=\"cmsmasters_row_inner\">\n<div class=\"cmsmasters_row_margin\">\n<div id=\"cmsmasters_column_i13uegy6p\" class=\"cmsmasters_column one_first\">\n<div class=\"cmsmasters_column_inner\"><div class=\"cmsmasters_text\">\n<h2 class=\"p1\">Allgemeine Gesch\u00e4ftsbedingungen (AGB)<br \/>\nf\u00fcr den Friseursalon Friseur &amp; Kosmetik Walter Gbr<\/h2>\n<\/div>\n<\/div><\/div>\n<\/div>\n<\/div>\n<\/div>\n<\/div>\n<\/div>\n<div id=\"cmsmasters_row_\" class=\"cmsmasters_row cmsmasters_color_scheme_default cmsmasters_row_top_default cmsmasters_row_bot_default cmsmasters_row_boxed\">\n<div class=\"cmsmasters_row_outer_parent\">\n<div class=\"cmsmasters_row_outer\">\n<div class=\"cmsmasters_row_inner\">\n<div class=\"cmsmasters_row_margin\">\n<div id=\"cmsmasters_column_\" class=\"cmsmasters_column one_first\">\n<div class=\"cmsmasters_column_inner\"><div class=\"cmsmasters_text\">\n<p><\/p>\n<\/div>\n<\/div><\/div>\n<\/div>\n<\/div>\n<\/div>\n<\/div>\n<\/div>\n<div id=\"cmsmasters_row_u86qg906tb\" class=\"cmsmasters_row cmsmasters_color_scheme_default cmsmasters_row_top_default cmsmasters_row_bot_default cmsmasters_row_boxed\">\n<div class=\"cmsmasters_row_outer_parent\">\n<div class=\"cmsmasters_row_outer\">\n<div class=\"cmsmasters_row_inner\">\n<div class=\"cmsmasters_row_margin\">\n<div id=\"cmsmasters_column_41njzy1tv4\" class=\"cmsmasters_column one_first\">\n<div class=\"cmsmasters_column_inner\"><div class=\"cmsmasters_text\">\n<p class=\"p1\"><b>1. Geltungsbereich<\/b><\/p>\n<p class=\"p2\">Diese Allgemeinen Gesch\u00e4ftsbedingungen (AGB) gelten f\u00fcr alle Dienstleistungen und Verk\u00e4ufe, die zwischen dem Friseursalon Friseur &amp; Kosmetik Walter Gbr\u00a0(nachfolgend \u201eSalon\u201c) und den Kundinnen\/Kunden abgeschlossen werden. Abweichende Bedingungen gelten nur, wenn sie schriftlich vereinbart wurden.<\/p>\n<p class=\"p1\"><b>2. Dienstleistungen und Preise<\/b><\/p>\n<ol>\n<li class=\"p2\">Der Salon bietet Dienstleistungen im Bereich Haarpflege, Styling und kosmetische Behandlungen an.<\/li>\n<li class=\"p2\">Die aktuellen Preise sind in der im Salon ausliegenden Preisliste sowie ggf. auf der Website einsehbar.<\/li>\n<li class=\"p2\">Preis\u00e4nderungen beh\u00e4lt sich der Salon vor. Ma\u00dfgeblich ist der bei Vertragsschluss g\u00fcltige Preis.<\/li>\n<\/ol>\n<p class=\"p1\"><b>3. Termine und Stornierungen<\/b><\/p>\n<ol>\n<li class=\"p2\">Terminvereinbarungen k\u00f6nnen pers\u00f6nlich, telefonisch oder online erfolgen.<\/li>\n<li class=\"p2\">Vereinbarte Termine sind verbindlich.<\/li>\n<li class=\"p2\">Terminabsagen m\u00fcssen sp\u00e4testens 24 Stunden vor dem Termin erfolgen. Erfolgt keine rechtzeitige Absage oder Nichterscheinen, beh\u00e4lt sich der Salon vor, ein Ausfallhonorar von bis zu 50 % des geplanten Behandlungspreises zu berechnen.<\/li>\n<\/ol>\n<p><b>4. Zahlungsbedingungen<\/b><\/p>\n<ol>\n<li class=\"p2\">Die Zahlung erfolgt sofort nach Erbringung der Dienstleistung in bar, per EC-\/Kreditkarte oder \u00fcber andere angebotene Zahlungsmethoden.<\/li>\n<li class=\"p2\">Gutscheine sind nicht in Bargeld auszahlbar und k\u00f6nnen nur f\u00fcr Dienstleistungen oder Produkte des Salons eingel\u00f6st werden. Die G\u00fcltigkeit betr\u00e4gt 3 Jahre ab Ausstellungsdatum.<\/li>\n<\/ol>\n<p class=\"p1\"><b>5. Haftung<\/b><\/p>\n<ol>\n<li class=\"p2\">Der Salon haftet nur f\u00fcr Sch\u00e4den, die auf vors\u00e4tzliches oder grob fahrl\u00e4ssiges Verhalten zur\u00fcckzuf\u00fchren sind.<\/li>\n<li class=\"p2\">F\u00fcr Sch\u00e4den durch unzureichende oder verschwiegene Angaben der Kundin\/des Kunden (z. B. Allergien, Medikamenteneinnahme, Haarvorbehandlungen) \u00fcbernimmt der Salon keine Haftung.<\/li>\n<li class=\"p2\">Sollte die Dienstleistung trotz fachgerechter Ausf\u00fchrung nicht den Vorstellungen der Kundin\/des Kunden entsprechen, besteht kein Anspruch auf R\u00fcckerstattung. Der Salon ist jedoch bem\u00fcht, eine einvernehmliche L\u00f6sung (z. B. Nachbesserung) anzubieten.<\/li>\n<\/ol>\n<p class=\"p1\"><b>6. Gew\u00e4hrleistung bei Produkten<\/b><\/p>\n<p class=\"p2\">F\u00fcr im Salon erworbene Produkte gelten die gesetzlichen Gew\u00e4hrleistungsrechte.<\/p>\n<p class=\"p1\"><b>7. Datenschutz<\/b><\/p>\n<p class=\"p2\">Personenbezogene Daten der Kundinnen und Kunden werden ausschlie\u00dflich im Rahmen der gesetzlichen Vorschriften (DSGVO) gespeichert und verarbeitet.\u00a0Eine Weitergabe an Dritte erfolgt nicht ohne ausdr\u00fcckliche Zustimmung.<\/p>\n<p class=\"p1\"><b>8. Hausordnung<\/b><\/p>\n<p class=\"p2\">Die Kundinnen und Kunden sind verpflichtet, die Hausordnung des Salons zu respektieren. Das Mitbringen von Tieren ist nur nach Absprache gestattet.<\/p>\n<p class=\"p2\"><b>9. Schlussbestimmungen<\/b><\/p>\n<ol>\n<li class=\"p2\">Es gilt das Recht der Bundesrepublik Deutschland.<\/li>\n<li class=\"p2\">Sollten einzelne Bestimmungen dieser AGB unwirksam sein, bleibt die G\u00fcltigkeit der \u00fcbrigen Bestimmungen unber\u00fchrt.<\/li>\n<li class=\"p2\">Gerichtsstand f\u00fcr Streitigkeiten ist, soweit gesetzlich zul\u00e4ssig, der Sitz des Salons.<\/li>\n<\/ol>\n<\/div>\n<\/div><\/div>\n<\/div>\n<\/div>\n<\/div>\n<\/div>\n<\/div>\n\n","protected":false},"excerpt":{"rendered":"","protected":false},"author":1,"featured_media":0,"parent":0,"menu_order":0,"comment_status":"closed","ping_status":"closed","template":"","meta":{"footnotes":""},"class_list":["post-16092","page","type-page","status-publish","hentry"],"aioseo_notices":[],"_links":{"self":[{"href":"https:\/\/mehr-walter.de\/cms\/wp-json\/wp\/v2\/pages\/16092","targetHints":{"allow":["GET"]}}],"collection":[{"href":"https:\/\/mehr-walter.de\/cms\/wp-json\/wp\/v2\/pages"}],"about":[{"href":"https:\/\/mehr-walter.de\/cms\/wp-json\/wp\/v2\/types\/page"}],"author":[{"embeddable":true,"href":"https:\/\/mehr-walter.de\/cms\/wp-json\/wp\/v2\/users\/1"}],"replies":[{"embeddable":true,"href":"https:\/\/mehr-walter.de\/cms\/wp-json\/wp\/v2\/comments?post=16092"}],"version-history":[{"count":4,"href":"https:\/\/mehr-walter.de\/cms\/wp-json\/wp\/v2\/pages\/16092\/revisions"}],"predecessor-version":[{"id":16096,"href":"https:\/\/mehr-walter.de\/cms\/wp-json\/wp\/v2\/pages\/16092\/revisions\/16096"}],"wp:attachment":[{"href":"https:\/\/mehr-walter.de\/cms\/wp-json\/wp\/v2\/media?parent=16092"}],"curies":[{"name":"wp","href":"https:\/\/api.w.org\/{rel}","templated":true}]}}