



{"id":16188,"date":"2026-05-12T07:30:03","date_gmt":"2026-05-12T05:30:03","guid":{"rendered":"https:\/\/mehr-walter.de\/cms\/?page_id=16188"},"modified":"2026-05-12T07:31:09","modified_gmt":"2026-05-12T05:31:09","slug":"aktuelles-mai-2026","status":"publish","type":"page","link":"https:\/\/mehr-walter.de\/cms\/aktuelles-mai-2026\/","title":{"rendered":"Aktuelles Mai 2026"},"content":{"rendered":"<div id=\"cmsmasters_row_gkcfl1oym8\" class=\"cmsmasters_row cmsmasters_color_scheme_default cmsmasters_row_top_default cmsmasters_row_bot_default cmsmasters_row_boxed\">\n<div class=\"cmsmasters_row_outer_parent\">\n<div class=\"cmsmasters_row_outer\">\n<div class=\"cmsmasters_row_inner\">\n<div class=\"cmsmasters_row_margin\">\n<div id=\"cmsmasters_column_v1f31mpk\" class=\"cmsmasters_column one_first\">\n<div class=\"cmsmasters_column_inner\"><div class=\"cmsmasters_text\">\n<h2 style=\"text-align: center;\">Bei uns im Friseur &amp; Kosmetik Walter lieben wir sch\u00f6ne Haare \u2013 deshalb vertrauen wir schon lange auf die hochwertige Haarpflege von La Biosth\u00e9tique.<\/h2>\n<p style=\"text-align: center;\">Jetzt freuen wir uns, dir auch das passende Make-up der Marke anbieten zu k\u00f6nnen.<\/p>\n<p style=\"text-align: center;\">Freu dich auf wundersch\u00f6ne Farben, pflegende Produkte und Looks, die deine nat\u00fcrliche Sch\u00f6nheit unterstreichen.<br \/>\nKomm gerne vorbei und lass dich pers\u00f6nlich von uns beraten.<\/p>\n<p style=\"text-align: center;\">Wir haben an uns selbst getestet- und liiiieben es \u2764\ufe0f<\/p>\n<\/div>\n<\/div><\/div>\n<\/div>\n<\/div>\n<\/div>\n<\/div>\n<\/div>\n<div id=\"cmsmasters_row_tojha4tur\" class=\"cmsmasters_row cmsmasters_color_scheme_default cmsmasters_row_top_default cmsmasters_row_bot_default cmsmasters_row_boxed\">\n<div class=\"cmsmasters_row_outer_parent\">\n<div class=\"cmsmasters_row_outer\">\n<div class=\"cmsmasters_row_inner\">\n<div class=\"cmsmasters_row_margin\">\n<div id=\"cmsmasters_column_zw74pq4cf\" class=\"cmsmasters_column one_first\">\n<div class=\"cmsmasters_column_inner\"><div class=\"aligncenter\"><div class=\"cmsmasters_img  cmsmasters_image_c\"><a href=\"https:\/\/mehr-walter.de\/cms\/wp-content\/uploads\/2026\/05\/Kosmetik-05-2026.jpg\" target=\"_blank\"><img decoding=\"async\" src=\"https:\/\/mehr-walter.de\/cms\/wp-content\/uploads\/2026\/05\/Kosmetik-05-2026.jpg\" \/><\/a><\/div><\/div>\n<\/div><\/div>\n<\/div>\n<\/div>\n<\/div>\n<\/div>\n<\/div>\n\n","protected":false},"excerpt":{"rendered":"","protected":false},"author":1,"featured_media":0,"parent":0,"menu_order":0,"comment_status":"closed","ping_status":"closed","template":"","meta":{"footnotes":""},"class_list":["post-16188","page","type-page","status-publish","hentry"],"aioseo_notices":[],"_links":{"self":[{"href":"https:\/\/mehr-walter.de\/cms\/wp-json\/wp\/v2\/pages\/16188","targetHints":{"allow":["GET"]}}],"collection":[{"href":"https:\/\/mehr-walter.de\/cms\/wp-json\/wp\/v2\/pages"}],"about":[{"href":"https:\/\/mehr-walter.de\/cms\/wp-json\/wp\/v2\/types\/page"}],"author":[{"embeddable":true,"href":"https:\/\/mehr-walter.de\/cms\/wp-json\/wp\/v2\/users\/1"}],"replies":[{"embeddable":true,"href":"https:\/\/mehr-walter.de\/cms\/wp-json\/wp\/v2\/comments?post=16188"}],"version-history":[{"count":4,"href":"https:\/\/mehr-walter.de\/cms\/wp-json\/wp\/v2\/pages\/16188\/revisions"}],"predecessor-version":[{"id":16193,"href":"https:\/\/mehr-walter.de\/cms\/wp-json\/wp\/v2\/pages\/16188\/revisions\/16193"}],"wp:attachment":[{"href":"https:\/\/mehr-walter.de\/cms\/wp-json\/wp\/v2\/media?parent=16188"}],"curies":[{"name":"wp","href":"https:\/\/api.w.org\/{rel}","templated":true}]}}